{"id":7833,"date":"2026-04-25T10:11:45","date_gmt":"2026-04-25T07:11:45","guid":{"rendered":"https:\/\/nequiid.md\/?post_type=product&#038;p=7833"},"modified":"2026-04-25T10:12:52","modified_gmt":"2026-04-25T07:12:52","slug":"vz-accesorii","status":"publish","type":"product","link":"https:\/\/nequiid.md\/ru\/catalog\/ventilatie-ascunsa-ventzero\/vz-accesorii\/","title":{"rendered":"\u041a\u043e\u043c\u043f\u043e\u043d\u0435\u043d\u0442\u044b \u0438 \u0430\u043a\u0441\u0435\u0441\u0441\u0443\u0430\u0440\u044b"},"content":{"rendered":"","protected":false},"excerpt":{"rendered":"<p data-start=\"629\" data-end=\"784\"><strong data-start=\"645\" data-end=\"784\">Acest produs este \u00een curs de dezvoltare. Preg\u0103tim lansarea lui \u0219i \u00een cur\u00e2nd vom ad\u0103uga fotografii, specifica\u021bii \u0219i descrierea complet\u0103.<\/strong><\/p>","protected":false},"featured_media":7831,"template":"","meta":{"_acf_changed":false},"product_brand":[],"product_cat":[184,422],"product_tag":[],"class_list":{"0":"post-7833","1":"product","2":"type-product","3":"status-publish","4":"has-post-thumbnail","6":"product_cat-ventilatie-ascunsa-ventzero","7":"product_cat-componente-accesorii","9":"first","10":"outofstock","11":"shipping-taxable","12":"product-type-simple"},"acf":[],"_links":{"self":[{"href":"https:\/\/nequiid.md\/ru\/wp-json\/wp\/v2\/product\/7833","targetHints":{"allow":["GET"]}}],"collection":[{"href":"https:\/\/nequiid.md\/ru\/wp-json\/wp\/v2\/product"}],"about":[{"href":"https:\/\/nequiid.md\/ru\/wp-json\/wp\/v2\/types\/product"}],"version-history":[{"count":3,"href":"https:\/\/nequiid.md\/ru\/wp-json\/wp\/v2\/product\/7833\/revisions"}],"predecessor-version":[{"id":7836,"href":"https:\/\/nequiid.md\/ru\/wp-json\/wp\/v2\/product\/7833\/revisions\/7836"}],"wp:featuredmedia":[{"embeddable":true,"href":"https:\/\/nequiid.md\/ru\/wp-json\/wp\/v2\/media\/7831"}],"wp:attachment":[{"href":"https:\/\/nequiid.md\/ru\/wp-json\/wp\/v2\/media?parent=7833"}],"wp:term":[{"taxonomy":"product_brand","embeddable":true,"href":"https:\/\/nequiid.md\/ru\/wp-json\/wp\/v2\/product_brand?post=7833"},{"taxonomy":"product_cat","embeddable":true,"href":"https:\/\/nequiid.md\/ru\/wp-json\/wp\/v2\/product_cat?post=7833"},{"taxonomy":"product_tag","embeddable":true,"href":"https:\/\/nequiid.md\/ru\/wp-json\/wp\/v2\/product_tag?post=7833"}],"curies":[{"name":"wp","href":"https:\/\/api.w.org\/{rel}","templated":true}]}}