{"id":7830,"date":"2026-04-23T16:43:04","date_gmt":"2026-04-23T13:43:04","guid":{"rendered":"https:\/\/nequiid.md\/?post_type=product&#038;p=7830"},"modified":"2026-04-23T16:43:04","modified_gmt":"2026-04-23T13:43:04","slug":"ventzero-pentru-tavan-extensibil","status":"publish","type":"product","link":"https:\/\/nequiid.md\/ru\/catalog\/ventilatie-ascunsa-ventzero\/ventzero-pentru-tavan-extensibil\/","title":{"rendered":"VentZero pentru tavan extensibil"},"content":{"rendered":"","protected":false},"excerpt":{"rendered":"<p data-start=\"629\" data-end=\"784\"><strong data-start=\"645\" data-end=\"784\">Acest produs este \u00een curs de dezvoltare. Preg\u0103tim lansarea lui \u0219i \u00een cur\u00e2nd vom ad\u0103uga fotografii, specifica\u021bii \u0219i descrierea complet\u0103.<\/strong><\/p>","protected":false},"featured_media":7831,"template":"","meta":{"_acf_changed":false},"product_brand":[],"product_cat":[184,420],"product_tag":[],"class_list":{"0":"post-7830","1":"product","2":"type-product","3":"status-publish","4":"has-post-thumbnail","6":"product_cat-ventilatie-ascunsa-ventzero","7":"product_cat-tavane-extensibile","9":"first","10":"outofstock","11":"shipping-taxable","12":"product-type-simple"},"acf":[],"_links":{"self":[{"href":"https:\/\/nequiid.md\/ru\/wp-json\/wp\/v2\/product\/7830","targetHints":{"allow":["GET"]}}],"collection":[{"href":"https:\/\/nequiid.md\/ru\/wp-json\/wp\/v2\/product"}],"about":[{"href":"https:\/\/nequiid.md\/ru\/wp-json\/wp\/v2\/types\/product"}],"version-history":[{"count":1,"href":"https:\/\/nequiid.md\/ru\/wp-json\/wp\/v2\/product\/7830\/revisions"}],"predecessor-version":[{"id":7832,"href":"https:\/\/nequiid.md\/ru\/wp-json\/wp\/v2\/product\/7830\/revisions\/7832"}],"wp:featuredmedia":[{"embeddable":true,"href":"https:\/\/nequiid.md\/ru\/wp-json\/wp\/v2\/media\/7831"}],"wp:attachment":[{"href":"https:\/\/nequiid.md\/ru\/wp-json\/wp\/v2\/media?parent=7830"}],"wp:term":[{"taxonomy":"product_brand","embeddable":true,"href":"https:\/\/nequiid.md\/ru\/wp-json\/wp\/v2\/product_brand?post=7830"},{"taxonomy":"product_cat","embeddable":true,"href":"https:\/\/nequiid.md\/ru\/wp-json\/wp\/v2\/product_cat?post=7830"},{"taxonomy":"product_tag","embeddable":true,"href":"https:\/\/nequiid.md\/ru\/wp-json\/wp\/v2\/product_tag?post=7830"}],"curies":[{"name":"wp","href":"https:\/\/api.w.org\/{rel}","templated":true}]}}