{"id":7288,"date":"2026-03-11T19:59:54","date_gmt":"2026-03-11T17:59:54","guid":{"rendered":"https:\/\/neq.rbs.md\/?page_id=7288"},"modified":"2026-03-13T17:41:44","modified_gmt":"2026-03-13T15:41:44","slug":"livrare","status":"publish","type":"page","link":"https:\/\/nequiid.md\/ru\/informatii-juridice\/livrare\/","title":{"rendered":"\u0414\u043e\u0441\u0442\u0430\u0432\u043a\u0430"},"content":{"rendered":"<div data-elementor-type=\"wp-page\" data-elementor-id=\"7288\" class=\"elementor elementor-7288\" data-elementor-post-type=\"page\">\n\t\t\t\t\t\t<section class=\"wd-negative-gap elementor-section elementor-top-section elementor-element elementor-element-3692e48 elementor-section-boxed elementor-section-height-default elementor-section-height-default\" data-id=\"3692e48\" data-element_type=\"section\" data-e-type=\"section\">\n\t\t\t\t\t\t<div class=\"elementor-container elementor-column-gap-default\">\n\t\t\t\t\t<div class=\"elementor-column elementor-col-100 elementor-top-column elementor-element elementor-element-7e5290e\" data-id=\"7e5290e\" data-element_type=\"column\" data-e-type=\"column\">\n\t\t\t<div class=\"elementor-widget-wrap elementor-element-populated\">\n\t\t\t\t\t\t<div class=\"elementor-element elementor-element-c234150 elementor-align-left elementor-widget elementor-widget-breadcrumbs\" data-id=\"c234150\" data-element_type=\"widget\" data-e-type=\"widget\" data-widget_type=\"breadcrumbs.default\">\n\t\t\t\t<div class=\"elementor-widget-container\">\n\t\t\t\t\t<nav><span class=\"last\">\u0413\u043b\u0430\u0432\u043d\u0430\u044f<\/span><\/nav>\t\t\t\t<\/div>\n\t\t\t\t<\/div>\n\t\t\t\t<div class=\"elementor-element elementor-element-af35eb5 wd-width-100 elementor-widget elementor-widget-wd_title\" data-id=\"af35eb5\" data-element_type=\"widget\" data-e-type=\"widget\" data-widget_type=\"wd_title.default\">\n\t\t\t\t<div class=\"elementor-widget-container\">\n\t\t\t\t\t\t\t<div class=\"title-wrapper wd-set-mb reset-last-child wd-title-color-default wd-title-style-default wd-title-size-default text-left\">\n\n\t\t\t\n\t\t\t<div class=\"liner-continer\">\n\t\t\t\t<h1 class=\"woodmart-title-container title wd-fontsize-l\">\u0414\u043e\u0441\u0442\u0430\u0432\u043a\u0430<\/h1> \n\t\t\t\t\t\t\t<\/div>\n\n\t\t\t\t\t\t\t<div class=\"title-after_title reset-last-child wd-fontsize-xs\">\n\t\t\t\t\t<p>\u041c\u044b \u0441\u0442\u0430\u0440\u0430\u0435\u043c\u0441\u044f \u0441\u0434\u0435\u043b\u0430\u0442\u044c \u0434\u043e\u0441\u0442\u0430\u0432\u043a\u0443 \u043c\u0430\u043a\u0441\u0438\u043c\u0430\u043b\u044c\u043d\u043e \u0443\u0434\u043e\u0431\u043d\u043e\u0439 \u0438 \u0431\u044b\u0441\u0442\u0440\u043e\u0439.<\/p>\t\t\t\t<\/div>\n\t\t\t\t\t<\/div>\n\t\t\t\t\t\t<\/div>\n\t\t\t\t<\/div>\n\t\t\t\t\t<\/div>\n\t\t<\/div>\n\t\t\t\t\t<\/div>\n\t\t<\/section>\n\t\t\t\t<section class=\"wd-negative-gap elementor-section elementor-top-section elementor-element elementor-element-e02ef17 elementor-section-full_width wd-section-stretch-content elementor-section-height-default elementor-section-height-default\" data-id=\"e02ef17\" data-element_type=\"section\" data-e-type=\"section\">\n\t\t\t\t\t\t<div class=\"elementor-container elementor-column-gap-default\">\n\t\t\t\t\t<div class=\"elementor-column elementor-col-100 elementor-top-column elementor-element elementor-element-463b220\" data-id=\"463b220\" data-element_type=\"column\" data-e-type=\"column\">\n\t\t\t<div class=\"elementor-widget-wrap elementor-element-populated\">\n\t\t\t\t\t\t<div class=\"elementor-element elementor-element-4f5d0b1 elementor-widget-divider--view-line elementor-widget elementor-widget-divider\" data-id=\"4f5d0b1\" data-element_type=\"widget\" data-e-type=\"widget\" data-widget_type=\"divider.default\">\n\t\t\t\t\t\t\t<div class=\"elementor-divider\">\n\t\t\t<span class=\"elementor-divider-separator\">\n\t\t\t\t\t\t<\/span>\n\t\t<\/div>\n\t\t\t\t\t\t<\/div>\n\t\t\t\t\t<\/div>\n\t\t<\/div>\n\t\t\t\t\t<\/div>\n\t\t<\/section>\n\t\t\t\t<section class=\"wd-negative-gap elementor-section elementor-top-section elementor-element elementor-element-b619cf8 elementor-section-boxed elementor-section-height-default elementor-section-height-default\" data-id=\"b619cf8\" data-element_type=\"section\" data-e-type=\"section\">\n\t\t\t\t\t\t<div class=\"elementor-container elementor-column-gap-default\">\n\t\t\t\t\t<div class=\"elementor-column elementor-col-50 elementor-top-column elementor-element elementor-element-a9f38c7 wd_sticky_offset_150 wd-elementor-sticky-column\" data-id=\"a9f38c7\" data-element_type=\"column\" data-e-type=\"column\">\n\t\t\t<div class=\"elementor-widget-wrap elementor-element-populated\">\n\t\t\t\t\t\t<div class=\"elementor-element elementor-element-609bc96 elementor-widget elementor-widget-heading\" data-id=\"609bc96\" data-element_type=\"widget\" data-e-type=\"widget\" data-widget_type=\"heading.default\">\n\t\t\t\t\t<h2 class=\"elementor-heading-title elementor-size-default\">\u041f\u0440\u0430\u0432\u043e\u0432\u0430\u044f \u0438\u043d\u0444\u043e\u0440\u043c\u0430\u0446\u0438\u044f<\/h2>\t\t\t\t<\/div>\n\t\t\t\t<div class=\"elementor-element elementor-element-77e0f18 elementor-widget elementor-widget-heading\" data-id=\"77e0f18\" data-element_type=\"widget\" data-e-type=\"widget\" data-widget_type=\"heading.default\">\n\t\t\t\t\t<div class=\"elementor-heading-title elementor-size-default\">\u0414\u043e\u0441\u0442\u0430\u0432\u043a\u0430<\/div>\t\t\t\t<\/div>\n\t\t\t\t<div class=\"elementor-element elementor-element-9c664b0 elementor-widget elementor-widget-heading\" data-id=\"9c664b0\" data-element_type=\"widget\" data-e-type=\"widget\" data-widget_type=\"heading.default\">\n\t\t\t\t\t<div class=\"elementor-heading-title elementor-size-default\"><a href=\"\/ru\/informatii-juridice\/returnare-si-schimb\/\">\u0412\u043e\u0437\u0432\u0440\u0430\u0442 \u0438 \u043e\u0431\u043c\u0435\u043d<\/a><\/div>\t\t\t\t<\/div>\n\t\t\t\t<div class=\"elementor-element elementor-element-232d194 elementor-widget elementor-widget-heading\" data-id=\"232d194\" data-element_type=\"widget\" data-e-type=\"widget\" data-widget_type=\"heading.default\">\n\t\t\t\t\t<div class=\"elementor-heading-title elementor-size-default\"><a href=\"\/ru\/informatii-juridice\/politica-de-confidentialitate\/\">\u041f\u043e\u043b\u0438\u0442\u0438\u043a\u0430 \u043a\u043e\u043d\u0444\u0438\u0434\u0435\u043d\u0446\u0438\u0430\u043b\u044c\u043d\u043e\u0441\u0442\u0438<\/a><\/div>\t\t\t\t<\/div>\n\t\t\t\t<div class=\"elementor-element elementor-element-88c47e2 elementor-widget elementor-widget-heading\" data-id=\"88c47e2\" data-element_type=\"widget\" data-e-type=\"widget\" data-widget_type=\"heading.default\">\n\t\t\t\t\t<div class=\"elementor-heading-title elementor-size-default\"><a href=\"\/ru\/informatii-juridice\/acordul-de-utilizare\/\">\u041f\u043e\u043b\u044c\u0437\u043e\u0432\u0430\u0442\u0435\u043b\u044c\u0441\u043a\u043e\u0435 \u0441\u043e\u0433\u043b\u0430\u0448\u0435\u043d\u0438\u0435<\/a><\/div>\t\t\t\t<\/div>\n\t\t\t\t<div class=\"elementor-element elementor-element-976fb00 elementor-widget elementor-widget-heading\" data-id=\"976fb00\" data-element_type=\"widget\" data-e-type=\"widget\" data-widget_type=\"heading.default\">\n\t\t\t\t\t<div class=\"elementor-heading-title elementor-size-default\"><a href=\"\/ru\/informatii-juridice\/politica-cookies\/\">Cookie<\/a><\/div>\t\t\t\t<\/div>\n\t\t\t\t<div class=\"elementor-element elementor-element-566a421 online-anim elementor-widget elementor-widget-wd_popup\" data-id=\"566a421\" data-element_type=\"widget\" data-e-type=\"widget\" data-widget_type=\"wd_popup.default\">\n\t\t\t\t<div class=\"elementor-widget-container\">\n\t\t\t\t\t\t\t\t\t<div class=\"wd-button-wrapper text-left\" >\n\t\t\t<a class=\"btn btn-style-default btn-shape-rectangle btn-size-extra-large wd-open-popup btn-full-width btn-icon-pos-left\"  href=\"#popup-696e43f23e287\">\n\t\t\t\t<span class=\"wd-btn-text\" data-elementor-setting-key=\"text\">\n\t\t\t\t\t\u041d\u0430\u043f\u0438\u0441\u0430\u0442\u044c \u0432 \u043f\u043e\u0434\u0434\u0435\u0440\u0436\u043a\u0443\t\t\t\t<\/span>\n\n\t\t\t\t\t\t\t\t\t<span class=\"wd-btn-icon\">\n\t\t\t\t\t\t<img decoding=\"async\" class=\"wd-lazy-fade\"  src=\"https:\/\/nequiid.md\/wp-content\/themes\/woodmart\/images\/lazy.svg\" data-src=\"https:\/\/nequiid.md\/wp-content\/uploads\/2026\/01\/Component.svg\" title=\"\u041a\u043e\u043c\u043f\u043e\u043d\u0435\u043d\u0442\" loading=\"lazy\" width=\"32\" height=\"32\">\t\t\t\t\t<\/span>\n\t\t\t\t\t\t\t<\/a>\n\t\t<\/div>\n\t\t\t\t\t\t\t\t\t\t<\/div>\n\t\t\t\t<\/div>\n\t\t\t\t\t<\/div>\n\t\t<\/div>\n\t\t\t\t<div class=\"elementor-column elementor-col-50 elementor-top-column elementor-element elementor-element-3bac59c\" data-id=\"3bac59c\" data-element_type=\"column\" data-e-type=\"column\">\n\t\t\t<div class=\"elementor-widget-wrap elementor-element-populated\">\n\t\t\t\t\t\t<div class=\"elementor-element elementor-element-1afe904 wd-width-100 elementor-widget elementor-widget-wd_title\" data-id=\"1afe904\" data-element_type=\"widget\" data-e-type=\"widget\" data-widget_type=\"wd_title.default\">\n\t\t\t\t<div class=\"elementor-widget-container\">\n\t\t\t\t\t\t\t<div class=\"title-wrapper wd-set-mb reset-last-child wd-title-color-default wd-title-style-default wd-title-size-default text-left\">\n\n\t\t\t\n\t\t\t<div class=\"liner-continer\">\n\t\t\t\t<p class=\"woodmart-title-container title wd-fontsize-l\">\u0421\u0430\u043c\u043e\u0432\u044b\u0432\u043e\u0437 \u0438\u0437 \u043c\u0430\u0433\u0430\u0437\u0438\u043d\u0430<\/p> \n\t\t\t\t\t\t\t<\/div>\n\n\t\t\t\t\t\t\t<div class=\"title-after_title reset-last-child wd-fontsize-xs\">\n\t\t\t\t\t<p>\u0412\u044b \u043c\u043e\u0436\u0435\u0442\u0435 \u0431\u0435\u0441\u043f\u043b\u0430\u0442\u043d\u043e \u0437\u0430\u0431\u0440\u0430\u0442\u044c \u0437\u0430\u043a\u0430\u0437 \u0438\u0437 \u043d\u0430\u0448\u0435\u0433\u043e \u043c\u0430\u0433\u0430\u0437\u0438\u043d\u0430 \u0432 \u041a\u0438\u0448\u0438\u043d\u0451\u0432\u0435.<\/p><p>\u0410\u0434\u0440\u0435\u0441:\u2028\u0443\u043b. \u041f\u0435\u0442\u0440\u0443 \u0420\u0430\u0440\u0435\u0448, 77, \u041a\u0438\u0448\u0438\u043d\u0451\u0432<\/p><p>\u0413\u0440\u0430\u0444\u0438\u043a \u0441\u0430\u043c\u043e\u0432\u044b\u0432\u043e\u0437\u0430:\u2028\u041f\u043e\u043d\u0435\u0434\u0435\u043b\u044c\u043d\u0438\u043a \u2013 \u041f\u044f\u0442\u043d\u0438\u0446\u0430\u202809:00 \u2013 18:00<\/p><p>\u041f\u043e\u0441\u043b\u0435 \u043e\u0444\u043e\u0440\u043c\u043b\u0435\u043d\u0438\u044f \u0437\u0430\u043a\u0430\u0437\u0430 \u043d\u0430\u0448 \u043c\u0435\u043d\u0435\u0434\u0436\u0435\u0440 \u0441\u0432\u044f\u0436\u0435\u0442\u0441\u044f \u0441 \u0432\u0430\u043c\u0438, \u0447\u0442\u043e\u0431\u044b \u043f\u043e\u0434\u0442\u0432\u0435\u0440\u0434\u0438\u0442\u044c \u0433\u043e\u0442\u043e\u0432\u043d\u043e\u0441\u0442\u044c \u0437\u0430\u043a\u0430\u0437\u0430 \u043a \u0432\u044b\u0434\u0430\u0447\u0435.<\/p>\t\t\t\t<\/div>\n\t\t\t\t\t<\/div>\n\t\t\t\t\t\t<\/div>\n\t\t\t\t<\/div>\n\t\t\t\t<div class=\"elementor-element elementor-element-beacdcb wd-width-100 elementor-widget elementor-widget-wd_title\" data-id=\"beacdcb\" data-element_type=\"widget\" data-e-type=\"widget\" data-widget_type=\"wd_title.default\">\n\t\t\t\t<div class=\"elementor-widget-container\">\n\t\t\t\t\t\t\t<div class=\"title-wrapper wd-set-mb reset-last-child wd-title-color-default wd-title-style-default wd-title-size-default text-left\">\n\n\t\t\t\n\t\t\t<div class=\"liner-continer\">\n\t\t\t\t<p class=\"woodmart-title-container title wd-fontsize-l\">\u0414\u043e\u0441\u0442\u0430\u0432\u043a\u0430 \u043f\u043e \u041a\u0438\u0448\u0438\u043d\u0451\u0432\u0443<\/p> \n\t\t\t\t\t\t\t<\/div>\n\n\t\t\t\t\t\t\t<div class=\"title-after_title reset-last-child wd-fontsize-xs\">\n\t\t\t\t\t<ul><li>\u0411\u0435\u0441\u043f\u043b\u0430\u0442\u043d\u043e \u043f\u0440\u0438 \u0437\u0430\u043a\u0430\u0437\u0435 \u043e\u0442 2000 MDL<\/li><li>\u0414\u043b\u044f \u0437\u0430\u043a\u0430\u0437\u043e\u0432 \u043d\u0430 \u0441\u0443\u043c\u043c\u0443 \u043d\u0438\u0436\u0435 \u0441\u0442\u043e\u0438\u043c\u043e\u0441\u0442\u044c \u0434\u043e\u0441\u0442\u0430\u0432\u043a\u0438 \u0440\u0430\u0441\u0441\u0447\u0438\u0442\u044b\u0432\u0430\u0435\u0442\u0441\u044f \u043e\u0442\u0434\u0435\u043b\u044c\u043d\u043e.<\/li><\/ul><p>\u0421\u0440\u043e\u043a \u0434\u043e\u0441\u0442\u0430\u0432\u043a\u0438:<br \/>\u041e\u0431\u044b\u0447\u043d\u043e 1\u20132 \u0440\u0430\u0431\u043e\u0447\u0438\u0445 \u0434\u043d\u044f \u043f\u043e\u0441\u043b\u0435 \u043f\u043e\u0434\u0442\u0432\u0435\u0440\u0436\u0434\u0435\u043d\u0438\u044f \u0437\u0430\u043a\u0430\u0437\u0430.<\/p>\t\t\t\t<\/div>\n\t\t\t\t\t<\/div>\n\t\t\t\t\t\t<\/div>\n\t\t\t\t<\/div>\n\t\t\t\t<div class=\"elementor-element elementor-element-90e229c wd-width-100 elementor-widget elementor-widget-wd_title\" data-id=\"90e229c\" data-element_type=\"widget\" data-e-type=\"widget\" data-widget_type=\"wd_title.default\">\n\t\t\t\t<div class=\"elementor-widget-container\">\n\t\t\t\t\t\t\t<div class=\"title-wrapper wd-set-mb reset-last-child wd-title-color-default wd-title-style-default wd-title-size-default text-left\">\n\n\t\t\t\n\t\t\t<div class=\"liner-continer\">\n\t\t\t\t<p class=\"woodmart-title-container title wd-fontsize-l\">\u0414\u043e\u0441\u0442\u0430\u0432\u043a\u0430 \u043f\u043e \u041c\u043e\u043b\u0434\u043e\u0432\u0435<\/p> \n\t\t\t\t\t\t\t<\/div>\n\n\t\t\t\t\t\t\t<div class=\"title-after_title reset-last-child wd-fontsize-xs\">\n\t\t\t\t\t<ul><li>\u0411\u0435\u0441\u043f\u043b\u0430\u0442\u043d\u043e \u043f\u0440\u0438 \u0437\u0430\u043a\u0430\u0437\u0435 \u043e\u0442 3500 MDL<\/li><li>\u0414\u043b\u044f \u0437\u0430\u043a\u0430\u0437\u043e\u0432 \u043d\u0430 \u043c\u0435\u043d\u044c\u0448\u0443\u044e \u0441\u0443\u043c\u043c\u0443 \u0441\u0442\u043e\u0438\u043c\u043e\u0441\u0442\u044c \u0434\u043e\u0441\u0442\u0430\u0432\u043a\u0438 \u0440\u0430\u0441\u0441\u0447\u0438\u0442\u044b\u0432\u0430\u0435\u0442\u0441\u044f \u043e\u0442\u0434\u0435\u043b\u044c\u043d\u043e.<\/li><\/ul><p>\u0421\u0440\u043e\u043a \u0434\u043e\u0441\u0442\u0430\u0432\u043a\u0438:<br \/>\u041e\u0431\u044b\u0447\u043d\u043e 1\u20133 \u0440\u0430\u0431\u043e\u0447\u0438\u0445 \u0434\u043d\u044f \u0432 \u0437\u0430\u0432\u0438\u0441\u0438\u043c\u043e\u0441\u0442\u0438 \u043e\u0442 \u0440\u0435\u0433\u0438\u043e\u043d\u0430.<\/p>\t\t\t\t<\/div>\n\t\t\t\t\t<\/div>\n\t\t\t\t\t\t<\/div>\n\t\t\t\t<\/div>\n\t\t\t\t<div class=\"elementor-element elementor-element-b6766a7 wd-width-100 elementor-widget elementor-widget-wd_title\" data-id=\"b6766a7\" data-element_type=\"widget\" data-e-type=\"widget\" data-widget_type=\"wd_title.default\">\n\t\t\t\t<div class=\"elementor-widget-container\">\n\t\t\t\t\t\t\t<div class=\"title-wrapper wd-set-mb reset-last-child wd-title-color-default wd-title-style-default wd-title-size-default text-left\">\n\n\t\t\t\n\t\t\t<div class=\"liner-continer\">\n\t\t\t\t<p class=\"woodmart-title-container title wd-fontsize-l\">\u0412\u0430\u0436\u043d\u0430\u044f \u0438\u043d\u0444\u043e\u0440\u043c\u0430\u0446\u0438\u044f<\/p> \n\t\t\t\t\t\t\t<\/div>\n\n\t\t\t\t\t\t\t<div class=\"title-after_title reset-last-child wd-fontsize-xs\">\n\t\t\t\t\t<p>\u0414\u043b\u044f \u043a\u0440\u0443\u043f\u043d\u043e\u0433\u0430\u0431\u0430\u0440\u0438\u0442\u043d\u044b\u0445, \u0445\u0440\u0443\u043f\u043a\u0438\u0445, \u043d\u0435\u0441\u0442\u0430\u043d\u0434\u0430\u0440\u0442\u043d\u044b\u0445 \u0442\u043e\u0432\u0430\u0440\u043e\u0432, \u0430 \u0442\u0430\u043a\u0436\u0435 \u0442\u043e\u0432\u0430\u0440\u043e\u0432, \u0438\u0437\u0433\u043e\u0442\u043e\u0432\u043b\u0435\u043d\u043d\u044b\u0445 \u043f\u043e\u0434 \u0437\u0430\u043a\u0430\u0437, \u0443\u0441\u043b\u043e\u0432\u0438\u044f \u0438 \u0441\u0442\u043e\u0438\u043c\u043e\u0441\u0442\u044c \u0434\u043e\u0441\u0442\u0430\u0432\u043a\u0438 \u0440\u0430\u0441\u0441\u0447\u0438\u0442\u044b\u0432\u0430\u044e\u0442\u0441\u044f \u0438\u043d\u0434\u0438\u0432\u0438\u0434\u0443\u0430\u043b\u044c\u043d\u043e.<\/p><p>\u041d\u0430\u0448 \u043c\u0435\u043d\u0435\u0434\u0436\u0435\u0440 \u0441\u0432\u044f\u0436\u0435\u0442\u0441\u044f \u0441 \u0432\u0430\u043c\u0438 \u0434\u043b\u044f \u0443\u0442\u043e\u0447\u043d\u0435\u043d\u0438\u044f \u0434\u0435\u0442\u0430\u043b\u0435\u0439 \u0434\u043e\u0441\u0442\u0430\u0432\u043a\u0438.<\/p>\t\t\t\t<\/div>\n\t\t\t\t\t<\/div>\n\t\t\t\t\t\t<\/div>\n\t\t\t\t<\/div>\n\t\t\t\t<div class=\"elementor-element elementor-element-9cef92d wd-width-100 elementor-widget elementor-widget-wd_title\" data-id=\"9cef92d\" data-element_type=\"widget\" data-e-type=\"widget\" data-widget_type=\"wd_title.default\">\n\t\t\t\t<div class=\"elementor-widget-container\">\n\t\t\t\t\t\t\t<div class=\"title-wrapper wd-set-mb reset-last-child wd-title-color-default wd-title-style-default wd-title-size-default text-left\">\n\n\t\t\t\n\t\t\t<div class=\"liner-continer\">\n\t\t\t\t<p class=\"woodmart-title-container title wd-fontsize-l\">\u041a\u043e\u043d\u0442\u0430\u043a\u0442\u043d\u0430\u044f \u0438\u043d\u0444\u043e\u0440\u043c\u0430\u0446\u0438\u044f<\/p> \n\t\t\t\t\t\t\t<\/div>\n\n\t\t\t\t\t\t\t<div class=\"title-after_title reset-last-child wd-fontsize-xs\">\n\t\t\t\t\t<p>\u0415\u0441\u043b\u0438 \u0443 \u0432\u0430\u0441 \u0435\u0441\u0442\u044c \u0432\u043e\u043f\u0440\u043e\u0441\u044b \u043e \u0437\u0430\u0449\u0438\u0442\u0435 \u043f\u0435\u0440\u0441\u043e\u043d\u0430\u043b\u044c\u043d\u044b\u0445 \u0434\u0430\u043d\u043d\u044b\u0445, \u0432\u044b \u043c\u043e\u0436\u0435\u0442\u0435 \u0441\u0432\u044f\u0437\u0430\u0442\u044c\u0441\u044f \u0441 \u043d\u0430\u043c\u0438:<\/p><p>E-mail: <a href=\"mailto:support@nequiid.md\">support@nequiid.md<\/a> \u0438\u043b\u0438 \u0447\u0435\u0440\u0435\u0437 \u0444\u043e\u0440\u043c\u0443 <a href=\"\/ru\/contacte\/\">\u043e\u0431\u0440\u0430\u0442\u043d\u043e\u0439 \u0441\u0432\u044f\u0437\u0438<\/a> \u043d\u0430 \u0441\u0430\u0439\u0442\u0435.<\/p>\t\t\t\t<\/div>\n\t\t\t\t\t<\/div>\n\t\t\t\t\t\t<\/div>\n\t\t\t\t<\/div>\n\t\t\t\t\t<\/div>\n\t\t<\/div>\n\t\t\t\t\t<\/div>\n\t\t<\/section>\n\t\t\t\t<\/div>","protected":false},"excerpt":{"rendered":"<p>Acas\u0103 Livrare Ne str\u0103duim s\u0103 facem livrarea c\u00e2t mai comod\u0103 \u0219i rapid\u0103 posibil. Informa\u021bii juridice Livrare Returnare \u0219i schimb Politica<\/p>","protected":false},"author":26,"featured_media":0,"parent":6587,"menu_order":0,"comment_status":"closed","ping_status":"closed","template":"","meta":{"_acf_changed":false,"footnotes":""},"class_list":["post-7288","page","type-page","status-publish","hentry"],"acf":[],"_links":{"self":[{"href":"https:\/\/nequiid.md\/ru\/wp-json\/wp\/v2\/pages\/7288","targetHints":{"allow":["GET"]}}],"collection":[{"href":"https:\/\/nequiid.md\/ru\/wp-json\/wp\/v2\/pages"}],"about":[{"href":"https:\/\/nequiid.md\/ru\/wp-json\/wp\/v2\/types\/page"}],"author":[{"embeddable":true,"href":"https:\/\/nequiid.md\/ru\/wp-json\/wp\/v2\/users\/26"}],"replies":[{"embeddable":true,"href":"https:\/\/nequiid.md\/ru\/wp-json\/wp\/v2\/comments?post=7288"}],"version-history":[{"count":22,"href":"https:\/\/nequiid.md\/ru\/wp-json\/wp\/v2\/pages\/7288\/revisions"}],"predecessor-version":[{"id":7441,"href":"https:\/\/nequiid.md\/ru\/wp-json\/wp\/v2\/pages\/7288\/revisions\/7441"}],"up":[{"embeddable":true,"href":"https:\/\/nequiid.md\/ru\/wp-json\/wp\/v2\/pages\/6587"}],"wp:attachment":[{"href":"https:\/\/nequiid.md\/ru\/wp-json\/wp\/v2\/media?parent=7288"}],"curies":[{"name":"wp","href":"https:\/\/api.w.org\/{rel}","templated":true}]}}