{"id":4097,"date":"2025-10-17T13:55:27","date_gmt":"2025-10-17T13:55:27","guid":{"rendered":"https:\/\/nequiid.md\/?post_type=product&#038;p=4097"},"modified":"2026-03-17T18:25:29","modified_gmt":"2026-03-17T16:25:29","slug":"nequiid-ventzero-t-r-ventilatie-ascunsa-rotunda","status":"publish","type":"product","link":"https:\/\/nequiid.md\/en\/catalog\/fara-categorie\/nequiid-ventzero-t-r-ventilatie-ascunsa-rotunda\/","title":{"rendered":"NEQUID VentZero T-R Hidden Ventilation System (Round Shape) \u2013 Active\/Passive"},"content":{"rendered":"<div data-elementor-type=\"product-post\" data-elementor-id=\"4097\" class=\"elementor elementor-4097\" data-elementor-post-type=\"product\">\n\t\t\t\t\t\t<section class=\"wd-negative-gap elementor-section elementor-top-section elementor-element elementor-element-53c88d9e elementor-section-boxed elementor-section-height-default elementor-section-height-default\" data-id=\"53c88d9e\" data-element_type=\"section\" data-e-type=\"section\">\n\t\t\t\t\t\t<div class=\"elementor-container elementor-column-gap-default\">\n\t\t\t\t\t<div class=\"elementor-column elementor-col-100 elementor-top-column elementor-element elementor-element-35a9c051\" data-id=\"35a9c051\" data-element_type=\"column\" data-e-type=\"column\">\n\t\t\t<div class=\"elementor-widget-wrap elementor-element-populated\">\n\t\t\t\t\t\t<div class=\"elementor-element elementor-element-3fac0581 elementor-drop-cap-yes color-scheme-inherit text-left elementor-drop-cap-view-default elementor-widget elementor-widget-text-editor\" data-id=\"3fac0581\" data-element_type=\"widget\" data-e-type=\"widget\" data-settings=\"{&quot;drop_cap&quot;:&quot;yes&quot;}\" data-widget_type=\"text-editor.default\">\n\t\t\t\t\t\t\t\t\t<h1 style=\"text-align: center;\">VentZero Base T-R - Round concealed ventilation module (\u00d8100-150 mm)<\/h1><p><strong data-start=\"1129\" data-end=\"1181\">VentZero T-R round concealed ventilation module<\/strong> is a base in the NEQUIID modular system, designed to seamlessly integrate ventilation under ceramic tiles. The round design provides a sleek look and balanced airflow, ideal for modern bathrooms, toilets or dressing rooms.<\/p><p data-start=\"1411\" data-end=\"1659\">Made of technical polymer <strong>PETG<\/strong>, the round concealed ventilation module withstands humidity and high temperatures, retaining its shape and colour over time. Installation is quick and the system allows easy access for maintenance and cleaning.<\/p><p data-start=\"1661\" data-end=\"1889\">VentZero Base T-R is compatible with VentZero Fan, Light and Sensor modules, as well as \u00d8100, \u00d8125 and \u00d8150 mm ducts. The modular system offers freedom of customisation and upgradeability without dismantling the finish.<\/p><p data-start=\"1891\" data-end=\"2108\">The product is designed and assembled in the Republic of Moldova and is part of the premium range of <strong data-start=\"1981\" data-end=\"2022\">NEQUIID concealed ventilation systems<\/strong> - solutions for spaces that are clean, tidy and perfectly integrated into interior design.<\/p>\t\t\t\t\t\t\t\t<\/div>\n\t\t\t\t\t<\/div>\n\t\t<\/div>\n\t\t\t\t\t<\/div>\n\t\t<\/section>\n\t\t\t\t<\/div>","protected":false},"excerpt":{"rendered":"<blockquote>\n<p data-start=\"881\" data-end=\"1021\"><b data-path-to-node=\"12,0\" data-index-in-node=\"0\">NEQUIID VentZero T-R<\/b> brings the elegance of circular shapes to invisible ventilation systems.<\/p>\n<p data-start=\"881\" data-end=\"1021\"><b data-path-to-node=\"12,1,1,0\" data-index-in-node=\"0\">Universal System (Activ\/Passiv):<\/b> It can be used as a simple diffuser or equipped with a forced exhaust fan.<\/p>\n<p data-start=\"881\" data-end=\"1021\"><b data-path-to-node=\"12,1,3,0\" data-index-in-node=\"0\">Compatibility:<\/b> Connection to standard pipework \u00d8100 \/ \u00d8125 \/ \u00d8150 mm.<\/p>\n<\/blockquote>","protected":false},"featured_media":3121,"template":"","meta":{"_acf_changed":false},"product_brand":[],"product_cat":[16],"product_tag":[283,274,199,284,285,286,65,280,267,282,269,279,264,277,278,275,281,276,71],"class_list":{"0":"post-4097","1":"product","2":"type-product","3":"status-publish","4":"has-post-thumbnail","6":"product_cat-fara-categorie","7":"product_tag-baza-rotunda-ventilatie","8":"product_tag-modul-de-ventilatie-ascunsa","9":"product_tag-nequiid","10":"product_tag-o100","11":"product_tag-o125","12":"product_tag-o150","13":"product_tag-ventilatie-ascunsa","14":"product_tag-ventilatie-baie","15":"product_tag-ventilatie-modulara","16":"product_tag-ventilatie-rotunda","17":"product_tag-ventilatie-sub-faianta","18":"product_tag-ventilator-ascuns","19":"product_tag-ventzero","20":"product_tag-ventzero-base","21":"product_tag-ventzero-t-r","22":"product_tag-275","23":"product_tag-281","24":"product_tag-276","25":"product_tag-71","27":"first","28":"instock","29":"shipping-taxable","30":"purchasable","31":"product-type-variable"},"acf":[],"_links":{"self":[{"href":"https:\/\/nequiid.md\/en\/wp-json\/wp\/v2\/product\/4097","targetHints":{"allow":["GET"]}}],"collection":[{"href":"https:\/\/nequiid.md\/en\/wp-json\/wp\/v2\/product"}],"about":[{"href":"https:\/\/nequiid.md\/en\/wp-json\/wp\/v2\/types\/product"}],"version-history":[{"count":2,"href":"https:\/\/nequiid.md\/en\/wp-json\/wp\/v2\/product\/4097\/revisions"}],"predecessor-version":[{"id":7500,"href":"https:\/\/nequiid.md\/en\/wp-json\/wp\/v2\/product\/4097\/revisions\/7500"}],"wp:featuredmedia":[{"embeddable":true,"href":"https:\/\/nequiid.md\/en\/wp-json\/wp\/v2\/media\/3121"}],"wp:attachment":[{"href":"https:\/\/nequiid.md\/en\/wp-json\/wp\/v2\/media?parent=4097"}],"wp:term":[{"taxonomy":"product_brand","embeddable":true,"href":"https:\/\/nequiid.md\/en\/wp-json\/wp\/v2\/product_brand?post=4097"},{"taxonomy":"product_cat","embeddable":true,"href":"https:\/\/nequiid.md\/en\/wp-json\/wp\/v2\/product_cat?post=4097"},{"taxonomy":"product_tag","embeddable":true,"href":"https:\/\/nequiid.md\/en\/wp-json\/wp\/v2\/product_tag?post=4097"}],"curies":[{"name":"wp","href":"https:\/\/api.w.org\/{rel}","templated":true}]}}